

{"id":1113,"date":"2026-01-16T11:50:40","date_gmt":"2026-01-16T10:50:40","guid":{"rendered":"https:\/\/slices-fr.eu\/?page_id=1113"},"modified":"2026-03-05T08:17:55","modified_gmt":"2026-03-05T07:17:55","slug":"gteb-fragilite-et-resilience","status":"publish","type":"page","link":"https:\/\/slices-fr.eu\/en\/gteb-fragilite-et-resilience\/","title":{"rendered":"(Fran\u00e7ais) GTEB Fragilit\u00e9 et r\u00e9silience"},"content":{"rendered":"<p class=\"qtranxs-available-languages-message qtranxs-available-languages-message-en\">Sorry, this entry is only available in <a href=\"https:\/\/slices-fr.eu\/fr\/wp-json\/wp\/v2\/pages\/1113\" class=\"qtranxs-available-language-link qtranxs-available-language-link-fr\" title=\"Fran\u00e7ais\">Fran\u00e7ais<\/a>.<\/p>","protected":false},"excerpt":{"rendered":"<p>Sorry, this entry is only available in Fran\u00e7ais.<\/p>\n<p> <a class=\"continue-reading-link\" href=\"https:\/\/slices-fr.eu\/en\/gteb-fragilite-et-resilience\/\"><span>Continue reading<\/span><i class=\"crycon-right-dir\"><\/i><\/a> <\/p>\n","protected":false},"author":2609,"featured_media":0,"parent":0,"menu_order":0,"comment_status":"closed","ping_status":"closed","template":"","meta":{"footnotes":""},"class_list":["post-1113","page","type-page","status-publish","hentry"],"_links":{"self":[{"href":"https:\/\/slices-fr.eu\/en\/wp-json\/wp\/v2\/pages\/1113","targetHints":{"allow":["GET"]}}],"collection":[{"href":"https:\/\/slices-fr.eu\/en\/wp-json\/wp\/v2\/pages"}],"about":[{"href":"https:\/\/slices-fr.eu\/en\/wp-json\/wp\/v2\/types\/page"}],"author":[{"embeddable":true,"href":"https:\/\/slices-fr.eu\/en\/wp-json\/wp\/v2\/users\/2609"}],"replies":[{"embeddable":true,"href":"https:\/\/slices-fr.eu\/en\/wp-json\/wp\/v2\/comments?post=1113"}],"version-history":[{"count":3,"href":"https:\/\/slices-fr.eu\/en\/wp-json\/wp\/v2\/pages\/1113\/revisions"}],"predecessor-version":[{"id":1134,"href":"https:\/\/slices-fr.eu\/en\/wp-json\/wp\/v2\/pages\/1113\/revisions\/1134"}],"wp:attachment":[{"href":"https:\/\/slices-fr.eu\/en\/wp-json\/wp\/v2\/media?parent=1113"}],"curies":[{"name":"wp","href":"https:\/\/api.w.org\/{rel}","templated":true}]}}