

{"id":149,"date":"2024-01-26T11:59:36","date_gmt":"2024-01-26T10:59:36","guid":{"rendered":"https:\/\/project.inria.fr\/slicesfr\/?page_id=149"},"modified":"2024-09-05T09:16:42","modified_gmt":"2024-09-05T07:16:42","slug":"evenements","status":"publish","type":"page","link":"https:\/\/slices-fr.eu\/en\/evenements\/","title":{"rendered":"Events"},"content":{"rendered":"<ul class=\"wp-block-latest-posts__list has-dates wp-block-latest-posts\"><li><a class=\"wp-block-latest-posts__post-title\" href=\"https:\/\/slices-fr.eu\/en\/save-the-date-lecole-dete-slices-fr-revient\/\">(Fran\u00e7ais) [SAVE THE DATE] L&#8217;\u00e9cole d&#8217;\u00e9t\u00e9 SLICES-FR revient!<\/a><time datetime=\"2026-03-13T10:33:19+00:00\" class=\"wp-block-latest-posts__post-date\">Friday March 13th, 2026<\/time><div class=\"wp-block-latest-posts__post-excerpt\">Sorry, this entry is only available in Fran\u00e7ais.<p> <a class=\"continue-reading-link\" href=\"https:\/\/slices-fr.eu\/en\/save-the-date-lecole-dete-slices-fr-revient\/\"><span>Continue reading<\/span><i class=\"crycon-right-dir\"><\/i><\/a> <\/p><\/div><\/li>\n<li><a class=\"wp-block-latest-posts__post-title\" href=\"https:\/\/slices-fr.eu\/en\/retour-sur-la-pleniere-slices-fr-du-4-novembre\/\">(Fran\u00e7ais) Retour sur la pl\u00e9ni\u00e8re SLICES-FR du 4 novembre<\/a><time datetime=\"2025-12-18T15:19:38+00:00\" class=\"wp-block-latest-posts__post-date\">Thursday December 18th, 2025<\/time><div class=\"wp-block-latest-posts__post-excerpt\">Sorry, this entry is only available in Fran\u00e7ais.<p> <a class=\"continue-reading-link\" href=\"https:\/\/slices-fr.eu\/en\/retour-sur-la-pleniere-slices-fr-du-4-novembre\/\"><span>Continue reading<\/span><i class=\"crycon-right-dir\"><\/i><\/a> <\/p><\/div><\/li>\n<li><a class=\"wp-block-latest-posts__post-title\" href=\"https:\/\/slices-fr.eu\/en\/pleniere-slices-fr-2025\/\">(Fran\u00e7ais) Save the date : Pl\u00e9ni\u00e8re SLICES-FR 2025<\/a><time datetime=\"2025-10-30T09:12:27+00:00\" class=\"wp-block-latest-posts__post-date\">Thursday October 30th, 2025<\/time><div class=\"wp-block-latest-posts__post-excerpt\">Sorry, this entry is only available in Fran\u00e7ais.<p> <a class=\"continue-reading-link\" href=\"https:\/\/slices-fr.eu\/en\/pleniere-slices-fr-2025\/\"><span>Continue reading<\/span><i class=\"crycon-right-dir\"><\/i><\/a> <\/p><\/div><\/li>\n<li><a class=\"wp-block-latest-posts__post-title\" href=\"https:\/\/slices-fr.eu\/en\/jcad-2025\/\">(Fran\u00e7ais) JCAD 2025<\/a><time datetime=\"2025-04-24T14:19:39+00:00\" class=\"wp-block-latest-posts__post-date\">Thursday April 24th, 2025<\/time><div class=\"wp-block-latest-posts__post-excerpt\">Sorry, this entry is only available in Fran\u00e7ais.<p> <a class=\"continue-reading-link\" href=\"https:\/\/slices-fr.eu\/en\/jcad-2025\/\"><span>Continue reading<\/span><i class=\"crycon-right-dir\"><\/i><\/a> <\/p><\/div><\/li>\n<li><a class=\"wp-block-latest-posts__post-title\" href=\"https:\/\/slices-fr.eu\/en\/ecole-slices-fr-2025-a-lyon\/\">(Fran\u00e7ais) \u00c9cole SLICES-FR 2025 \u00e0 Lyon<\/a><time datetime=\"2025-04-11T16:08:58+00:00\" class=\"wp-block-latest-posts__post-date\">Friday April 11th, 2025<\/time><div class=\"wp-block-latest-posts__post-excerpt\">Sorry, this entry is only available in Fran\u00e7ais.<p> <a class=\"continue-reading-link\" href=\"https:\/\/slices-fr.eu\/en\/ecole-slices-fr-2025-a-lyon\/\"><span>Continue reading<\/span><i class=\"crycon-right-dir\"><\/i><\/a> <\/p><\/div><\/li>\n<\/ul>","protected":false},"excerpt":{"rendered":"<p>Sorry, this entry is only available in Fran\u00e7ais.<\/p>\n<p> <a class=\"continue-reading-link\" href=\"https:\/\/slices-fr.eu\/en\/evenements\/\"><span>Continue reading<\/span><i class=\"crycon-right-dir\"><\/i><\/a> <\/p>\n","protected":false},"author":2404,"featured_media":0,"parent":0,"menu_order":0,"comment_status":"closed","ping_status":"closed","template":"","meta":{"footnotes":""},"class_list":["post-149","page","type-page","status-publish","hentry"],"_links":{"self":[{"href":"https:\/\/slices-fr.eu\/en\/wp-json\/wp\/v2\/pages\/149","targetHints":{"allow":["GET"]}}],"collection":[{"href":"https:\/\/slices-fr.eu\/en\/wp-json\/wp\/v2\/pages"}],"about":[{"href":"https:\/\/slices-fr.eu\/en\/wp-json\/wp\/v2\/types\/page"}],"author":[{"embeddable":true,"href":"https:\/\/slices-fr.eu\/en\/wp-json\/wp\/v2\/users\/2404"}],"replies":[{"embeddable":true,"href":"https:\/\/slices-fr.eu\/en\/wp-json\/wp\/v2\/comments?post=149"}],"version-history":[{"count":7,"href":"https:\/\/slices-fr.eu\/en\/wp-json\/wp\/v2\/pages\/149\/revisions"}],"predecessor-version":[{"id":780,"href":"https:\/\/slices-fr.eu\/en\/wp-json\/wp\/v2\/pages\/149\/revisions\/780"}],"wp:attachment":[{"href":"https:\/\/slices-fr.eu\/en\/wp-json\/wp\/v2\/media?parent=149"}],"curies":[{"name":"wp","href":"https:\/\/api.w.org\/{rel}","templated":true}]}}