

{"id":4,"date":"2011-12-08T11:55:34","date_gmt":"2011-12-08T11:55:34","guid":{"rendered":"http:\/\/project.inria.fr\/template1\/?page_id=4"},"modified":"2025-09-04T16:11:58","modified_gmt":"2025-09-04T14:11:58","slug":"home","status":"publish","type":"page","link":"https:\/\/slices-fr.eu\/en\/","title":{"rendered":"Home"},"content":{"rendered":"<div class=\"wp-block-columns are-vertically-aligned-center is-layout-flex wp-container-core-columns-is-layout-9d6595d7 wp-block-columns-is-layout-flex\">\n<div class=\"wp-block-column is-vertically-aligned-center is-layout-flow wp-block-column-is-layout-flow\" style=\"flex-basis:40%\"><\/div>\n\n\n\n<div class=\"wp-block-column is-vertically-aligned-center is-layout-flow wp-block-column-is-layout-flow\" style=\"flex-basis:70%\"><\/div>\n<\/div>\n\n\n\n<div class=\"wp-block-columns is-layout-flex wp-container-core-columns-is-layout-9d6595d7 wp-block-columns-is-layout-flex\">\n<div class=\"wp-block-column is-layout-flow wp-block-column-is-layout-flow\" style=\"flex-basis:66.66%\">\n<div class=\"wp-block-image\"><figure class=\"alignleft size-large is-resized\"><a href=\"https:\/\/slices-fr.eu\/files\/2024\/10\/Design-sans-titre-2.png\"><img loading=\"lazy\" decoding=\"async\" src=\"https:\/\/slices-fr.eu\/files\/2024\/10\/Design-sans-titre-2-1024x1024.png\" alt=\"\" class=\"wp-image-869\" width=\"256\" height=\"256\" srcset=\"https:\/\/slices-fr.eu\/files\/2024\/10\/Design-sans-titre-2-1024x1024.png 1024w, https:\/\/slices-fr.eu\/files\/2024\/10\/Design-sans-titre-2-300x300.png 300w, https:\/\/slices-fr.eu\/files\/2024\/10\/Design-sans-titre-2-150x150.png 150w, https:\/\/slices-fr.eu\/files\/2024\/10\/Design-sans-titre-2-768x768.png 768w, https:\/\/slices-fr.eu\/files\/2024\/10\/Design-sans-titre-2.png 1181w\" sizes=\"auto, (max-width: 256px) 100vw, 256px\" \/><\/a><\/figure><\/div>\n\n\n\n<p>The SLICES-FR (Scientific Large Scale Infrastructure for Computing\/Communication Experimental Studies \u2013 France) Research Infrastructure makes it possible to experiment with any new software and\/or hardware approach across the entire IoT\/networks\/edge\/cloud continuum allowing a holistic vision across the entire data chain, from its capture to its processing, including its transport and storage.<\/p>\n\n\n\n<p>SLICES-FR offers configuration, programming and measurement services on a wide range of heterogeneous equipment via single accesses.<\/p>\n\n\n\n<p>These equipment and services cover the areas of network protocols, radio technologies, the Internet of Things, services and data collection, parallel and distributed computing, edge and cloud computing for reproducible and responsible research.<\/p>\n\n\n\n<p>Beyond the French landscape, SLICES-FR goes beyond borders. SLICES-FR is the French node of the European Research Infrastructure SLICES-RI (Research Infrastructure) which has 16 partner countries for an expected operating period until 2040. European users of SLICES-RI will have access to the equipment operated by SLICES-FR and vice versa, French users registered on SLICES-RI will benefit from access to equipment from European partners.<\/p>\n\n\n\n<p>Apart from other European infrastructures dedicated to fundamental sciences, SLICES-RI is the first ESFRI-labeled infrastructure dedicated to computer science research.<\/p>\n\n\n\n<figure class=\"wp-block-embed is-type-video is-provider-youtube wp-block-embed-youtube wp-embed-aspect-16-9 wp-has-aspect-ratio\"><div class=\"wp-block-embed__wrapper\">\n<iframe loading=\"lazy\" title=\"SLICES-FR Presentation\" width=\"900\" height=\"506\" src=\"https:\/\/www.youtube.com\/embed\/9b0rXaR3zGc?feature=oembed\" frameborder=\"0\" allow=\"accelerometer; autoplay; clipboard-write; encrypted-media; gyroscope; picture-in-picture; web-share\" referrerpolicy=\"strict-origin-when-cross-origin\" allowfullscreen><\/iframe>\n<\/div><\/figure>\n<\/div>\n\n\n\n<div class=\"wp-block-column is-layout-flow wp-block-column-is-layout-flow\" style=\"flex-basis:33.33%\"><ul class=\"wp-block-latest-posts__list wp-block-latest-posts\"><li><a class=\"wp-block-latest-posts__post-title\" href=\"https:\/\/slices-fr.eu\/en\/slices-fr-represente-durant-les-journees-rsd-2026\/\">(Fran\u00e7ais) SLICES-FR repr\u00e9sent\u00e9 durant les Journ\u00e9es RSD 2026\u00a0<\/a><div class=\"wp-block-latest-posts__post-excerpt\">Sorry, this entry is only available in Fran\u00e7ais.<p> <a class=\"continue-reading-link\" href=\"https:\/\/slices-fr.eu\/en\/slices-fr-represente-durant-les-journees-rsd-2026\/\"><span>Continue reading<\/span><i class=\"crycon-right-dir\"><\/i><\/a> <\/p><\/div><\/li>\n<li><a class=\"wp-block-latest-posts__post-title\" href=\"https:\/\/slices-fr.eu\/en\/save-the-date-lecole-dete-slices-fr-revient\/\">(Fran\u00e7ais) [SAVE THE DATE] L&#8217;\u00e9cole d&#8217;\u00e9t\u00e9 SLICES-FR revient!<\/a><div class=\"wp-block-latest-posts__post-excerpt\">Sorry, this entry is only available in Fran\u00e7ais.<p> <a class=\"continue-reading-link\" href=\"https:\/\/slices-fr.eu\/en\/save-the-date-lecole-dete-slices-fr-revient\/\"><span>Continue reading<\/span><i class=\"crycon-right-dir\"><\/i><\/a> <\/p><\/div><\/li>\n<li><a class=\"wp-block-latest-posts__post-title\" href=\"https:\/\/slices-fr.eu\/en\/retour-sur-la-pleniere-slices-fr-du-4-novembre\/\">(Fran\u00e7ais) Retour sur la pl\u00e9ni\u00e8re SLICES-FR du 4 novembre<\/a><div class=\"wp-block-latest-posts__post-excerpt\">Sorry, this entry is only available in Fran\u00e7ais.<p> <a class=\"continue-reading-link\" href=\"https:\/\/slices-fr.eu\/en\/retour-sur-la-pleniere-slices-fr-du-4-novembre\/\"><span>Continue reading<\/span><i class=\"crycon-right-dir\"><\/i><\/a> <\/p><\/div><\/li>\n<li><a class=\"wp-block-latest-posts__post-title\" href=\"https:\/\/slices-fr.eu\/en\/pleniere-slices-fr-2025\/\">(Fran\u00e7ais) Save the date : Pl\u00e9ni\u00e8re SLICES-FR 2025<\/a><div class=\"wp-block-latest-posts__post-excerpt\">Sorry, this entry is only available in Fran\u00e7ais.<p> <a class=\"continue-reading-link\" href=\"https:\/\/slices-fr.eu\/en\/pleniere-slices-fr-2025\/\"><span>Continue reading<\/span><i class=\"crycon-right-dir\"><\/i><\/a> <\/p><\/div><\/li>\n<li><a class=\"wp-block-latest-posts__post-title\" href=\"https:\/\/slices-fr.eu\/en\/jcad-2025\/\">(Fran\u00e7ais) JCAD 2025<\/a><div class=\"wp-block-latest-posts__post-excerpt\">Sorry, this entry is only available in Fran\u00e7ais.<p> <a class=\"continue-reading-link\" href=\"https:\/\/slices-fr.eu\/en\/jcad-2025\/\"><span>Continue reading<\/span><i class=\"crycon-right-dir\"><\/i><\/a> <\/p><\/div><\/li>\n<\/ul><\/div>\n<\/div>","protected":false},"excerpt":{"rendered":"<p>The SLICES-FR (Scientific Large Scale Infrastructure for Computing\/Communication Experimental Studies \u2013 France) Research Infrastructure makes it possible to experiment with any new software and\/or hardware approach across the entire IoT\/networks\/edge\/cloud continuum allowing a holistic vision across the entire data chain, from its capture to its processing, including its transport and\u2026<\/p>\n<p> <a class=\"continue-reading-link\" href=\"https:\/\/slices-fr.eu\/en\/\"><span>Continue reading<\/span><i class=\"crycon-right-dir\"><\/i><\/a> <\/p>\n","protected":false},"author":1,"featured_media":0,"parent":0,"menu_order":0,"comment_status":"closed","ping_status":"open","template":"","meta":{"footnotes":""},"class_list":["post-4","page","type-page","status-publish","hentry"],"_links":{"self":[{"href":"https:\/\/slices-fr.eu\/en\/wp-json\/wp\/v2\/pages\/4","targetHints":{"allow":["GET"]}}],"collection":[{"href":"https:\/\/slices-fr.eu\/en\/wp-json\/wp\/v2\/pages"}],"about":[{"href":"https:\/\/slices-fr.eu\/en\/wp-json\/wp\/v2\/types\/page"}],"author":[{"embeddable":true,"href":"https:\/\/slices-fr.eu\/en\/wp-json\/wp\/v2\/users\/1"}],"replies":[{"embeddable":true,"href":"https:\/\/slices-fr.eu\/en\/wp-json\/wp\/v2\/comments?post=4"}],"version-history":[{"count":39,"href":"https:\/\/slices-fr.eu\/en\/wp-json\/wp\/v2\/pages\/4\/revisions"}],"predecessor-version":[{"id":998,"href":"https:\/\/slices-fr.eu\/en\/wp-json\/wp\/v2\/pages\/4\/revisions\/998"}],"wp:attachment":[{"href":"https:\/\/slices-fr.eu\/en\/wp-json\/wp\/v2\/media?parent=4"}],"curies":[{"name":"wp","href":"https:\/\/api.w.org\/{rel}","templated":true}]}}