

{"id":72,"date":"2023-12-06T12:10:31","date_gmt":"2023-12-06T11:10:31","guid":{"rendered":"https:\/\/project.inria.fr\/slicesfr\/?page_id=72"},"modified":"2026-03-02T15:41:59","modified_gmt":"2026-03-02T14:41:59","slug":"partenaires","status":"publish","type":"page","link":"https:\/\/slices-fr.eu\/en\/partenaires\/","title":{"rendered":"Partners"},"content":{"rendered":"<p>SLICES-FR is governed by a <a href=\"https:\/\/fr.wikipedia.org\/wiki\/Groupement_d%27int%C3%A9r%C3%AAt_scientifique\"><u>GIS<\/u><\/a>&nbsp;(Scientific Interest Group) which today brings together the majority of French academic players in the world of networks and distributed systems: <\/p>\n\n\n\n<div class=\"wp-block-columns is-layout-flex wp-container-core-columns-is-layout-9d6595d7 wp-block-columns-is-layout-flex\">\n<div class=\"wp-block-column is-layout-flow wp-block-column-is-layout-flow\" style=\"flex-basis:3px\"><\/div>\n\n\n\n<div class=\"wp-block-column is-layout-flow wp-block-column-is-layout-flow\" style=\"flex-basis:20%\">\n<ul class=\"wp-block-list\"><li>CEA&nbsp;<\/li><li>CNRS<\/li><li>Inria&nbsp;<\/li><li>Institut Mines T\u00e9l\u00e9com<\/li><\/ul>\n<\/div>\n\n\n\n<div class=\"wp-block-column is-layout-flow wp-block-column-is-layout-flow\" style=\"flex-basis:20%\">\n<ul class=\"wp-block-list\" id=\"block-0af703f8-160d-4314-8ab2-5e7beda21644\"><li>Universit\u00e9 Grenoble Alpes<\/li><li>Universit\u00e9 de Lille<\/li><li>Universit\u00e9 de Lorraine<\/li><li>Universit\u00e9 de Rennes&nbsp;<\/li><\/ul>\n<\/div>\n\n\n\n<div class=\"wp-block-column is-layout-flow wp-block-column-is-layout-flow\" style=\"flex-basis:20%\">\n<ul class=\"wp-block-list\" id=\"block-8b87b026-d6b6-4dcf-96a2-e14826dae0b7\"><li>INSA Lyon<\/li><li>EURECOM<\/li><li>Nantes Universit\u00e9<\/li><li>RENATER<\/li><\/ul>\n<\/div>\n\n\n\n<div class=\"wp-block-column is-layout-flow wp-block-column-is-layout-flow\">\n<ul class=\"wp-block-list\"><li>Universit\u00e9 de Strasbourg<\/li><li>Universit\u00e9 de Toulouse<\/li><li>ENS Lyon<\/li><li>Sorbonne Universit\u00e9<\/li><\/ul>\n<\/div>\n<\/div>\n\n\n\n<div class=\"wp-block-columns is-layout-flex wp-container-core-columns-is-layout-9d6595d7 wp-block-columns-is-layout-flex\">\n<div class=\"wp-block-column is-layout-flow wp-block-column-is-layout-flow\" style=\"flex-basis:16.67%\">\n<figure class=\"wp-block-image size-full is-resized\"><a href=\"https:\/\/slices-fr.eu\/files\/2024\/06\/RF-Inria_Logo_RVB.png\"><img loading=\"lazy\" decoding=\"async\" src=\"https:\/\/slices-fr.eu\/files\/2024\/06\/RF-Inria_Logo_RVB.png\" alt=\"\" class=\"wp-image-472\" width=\"373\" height=\"109\" srcset=\"https:\/\/slices-fr.eu\/files\/2024\/06\/RF-Inria_Logo_RVB.png 800w, https:\/\/slices-fr.eu\/files\/2024\/06\/RF-Inria_Logo_RVB-300x88.png 300w, https:\/\/slices-fr.eu\/files\/2024\/06\/RF-Inria_Logo_RVB-768x225.png 768w, https:\/\/slices-fr.eu\/files\/2024\/06\/RF-Inria_Logo_RVB-150x44.png 150w\" sizes=\"auto, (max-width: 373px) 100vw, 373px\" \/><\/a><\/figure>\n<\/div>\n\n\n\n<div class=\"wp-block-column is-layout-flow wp-block-column-is-layout-flow\" style=\"flex-basis:16.67%\">\n<div class=\"wp-block-image\"><figure class=\"aligncenter size-full is-resized\"><a href=\"https:\/\/slices-fr.eu\/files\/2024\/06\/images.png\"><img loading=\"lazy\" decoding=\"async\" src=\"https:\/\/slices-fr.eu\/files\/2024\/06\/images.png\" alt=\"\" class=\"wp-image-471\" width=\"186\" height=\"66\" srcset=\"https:\/\/slices-fr.eu\/files\/2024\/06\/images.png 377w, https:\/\/slices-fr.eu\/files\/2024\/06\/images-300x107.png 300w, https:\/\/slices-fr.eu\/files\/2024\/06\/images-150x53.png 150w\" sizes=\"auto, (max-width: 186px) 100vw, 186px\" \/><\/a><\/figure><\/div>\n<\/div>\n\n\n\n<div class=\"wp-block-column is-layout-flow wp-block-column-is-layout-flow\" style=\"flex-basis:16.67%\">\n<figure class=\"wp-block-image size-large is-resized\"><a href=\"https:\/\/slices-fr.eu\/files\/2024\/06\/universite-strasbourg-logo.png\"><img loading=\"lazy\" decoding=\"async\" src=\"https:\/\/slices-fr.eu\/files\/2024\/06\/universite-strasbourg-logo-1024x402.png\" alt=\"\" class=\"wp-image-470\" width=\"237\" height=\"92\" srcset=\"https:\/\/slices-fr.eu\/files\/2024\/06\/universite-strasbourg-logo-1024x402.png 1024w, https:\/\/slices-fr.eu\/files\/2024\/06\/universite-strasbourg-logo-300x118.png 300w, https:\/\/slices-fr.eu\/files\/2024\/06\/universite-strasbourg-logo-768x302.png 768w, https:\/\/slices-fr.eu\/files\/2024\/06\/universite-strasbourg-logo-150x59.png 150w, https:\/\/slices-fr.eu\/files\/2024\/06\/universite-strasbourg-logo.png 1235w\" sizes=\"auto, (max-width: 237px) 100vw, 237px\" \/><\/a><\/figure>\n<\/div>\n\n\n\n<div class=\"wp-block-column is-layout-flow wp-block-column-is-layout-flow\" style=\"flex-basis:16.67%\">\n<figure class=\"wp-block-image size-full is-resized\"><a href=\"https:\/\/slices-fr.eu\/files\/2024\/06\/cnrs.png\"><img loading=\"lazy\" decoding=\"async\" src=\"https:\/\/slices-fr.eu\/files\/2024\/06\/cnrs.png\" alt=\"\" class=\"wp-image-454\" width=\"101\" height=\"101\" srcset=\"https:\/\/slices-fr.eu\/files\/2024\/06\/cnrs.png 225w, https:\/\/slices-fr.eu\/files\/2024\/06\/cnrs-150x150.png 150w\" sizes=\"auto, (max-width: 101px) 100vw, 101px\" \/><\/a><\/figure>\n<\/div>\n\n\n\n<div class=\"wp-block-column is-layout-flow wp-block-column-is-layout-flow\" style=\"flex-basis:16.67%\">\n<figure class=\"wp-block-image size-full is-resized\"><a href=\"https:\/\/slices-fr.eu\/files\/2024\/06\/eurecom_300.jpg\"><img loading=\"lazy\" decoding=\"async\" src=\"https:\/\/slices-fr.eu\/files\/2024\/06\/eurecom_300.jpg\" alt=\"\" class=\"wp-image-457\" width=\"186\" height=\"87\" srcset=\"https:\/\/slices-fr.eu\/files\/2024\/06\/eurecom_300.jpg 300w, https:\/\/slices-fr.eu\/files\/2024\/06\/eurecom_300-150x71.jpg 150w\" sizes=\"auto, (max-width: 186px) 100vw, 186px\" \/><\/a><\/figure>\n<\/div>\n\n\n\n<div class=\"wp-block-column is-layout-flow wp-block-column-is-layout-flow\" style=\"flex-basis:16.67%\">\n<div class=\"wp-block-image\"><figure class=\"aligncenter size-large is-resized\"><a href=\"https:\/\/slices-fr.eu\/files\/2024\/06\/Logo_Sorbonne_Universite.png\"><img loading=\"lazy\" decoding=\"async\" src=\"https:\/\/slices-fr.eu\/files\/2024\/06\/Logo_Sorbonne_Universite-1024x417.png\" alt=\"\" class=\"wp-image-462\" width=\"223\" height=\"90\" srcset=\"https:\/\/slices-fr.eu\/files\/2024\/06\/Logo_Sorbonne_Universite-1024x417.png 1024w, https:\/\/slices-fr.eu\/files\/2024\/06\/Logo_Sorbonne_Universite-300x122.png 300w, https:\/\/slices-fr.eu\/files\/2024\/06\/Logo_Sorbonne_Universite-768x313.png 768w, https:\/\/slices-fr.eu\/files\/2024\/06\/Logo_Sorbonne_Universite-1536x626.png 1536w, https:\/\/slices-fr.eu\/files\/2024\/06\/Logo_Sorbonne_Universite-2048x835.png 2048w, https:\/\/slices-fr.eu\/files\/2024\/06\/Logo_Sorbonne_Universite-150x61.png 150w\" sizes=\"auto, (max-width: 223px) 100vw, 223px\" \/><\/a><\/figure><\/div>\n<\/div>\n<\/div>\n\n\n\n<div class=\"wp-block-columns is-layout-flex wp-container-core-columns-is-layout-9d6595d7 wp-block-columns-is-layout-flex\">\n<div class=\"wp-block-column is-layout-flow wp-block-column-is-layout-flow\" style=\"flex-basis:16.67%\">\n<div class=\"wp-block-image\"><figure class=\"aligncenter size-full is-resized\"><a href=\"https:\/\/slices-fr.eu\/files\/2024\/06\/logo-imt-rp.png\"><img loading=\"lazy\" decoding=\"async\" src=\"https:\/\/slices-fr.eu\/files\/2024\/06\/logo-imt-rp.png\" alt=\"\" class=\"wp-image-453\" width=\"285\" height=\"118\" srcset=\"https:\/\/slices-fr.eu\/files\/2024\/06\/logo-imt-rp.png 240w, https:\/\/slices-fr.eu\/files\/2024\/06\/logo-imt-rp-150x63.png 150w\" sizes=\"auto, (max-width: 285px) 100vw, 285px\" \/><\/a><\/figure><\/div>\n<\/div>\n\n\n\n<div class=\"wp-block-column is-layout-flow wp-block-column-is-layout-flow\" style=\"flex-basis:16.67%\">\n<div class=\"wp-block-image\"><figure class=\"aligncenter size-full is-resized\"><a href=\"https:\/\/slices-fr.eu\/files\/2024\/06\/ens.png\"><img loading=\"lazy\" decoding=\"async\" src=\"https:\/\/slices-fr.eu\/files\/2024\/06\/ens.png\" alt=\"\" class=\"wp-image-455\" width=\"274\" height=\"115\" srcset=\"https:\/\/slices-fr.eu\/files\/2024\/06\/ens.png 561w, https:\/\/slices-fr.eu\/files\/2024\/06\/ens-300x126.png 300w, https:\/\/slices-fr.eu\/files\/2024\/06\/ens-150x63.png 150w\" sizes=\"auto, (max-width: 274px) 100vw, 274px\" \/><\/a><\/figure><\/div>\n<\/div>\n\n\n\n<div class=\"wp-block-column is-layout-flow wp-block-column-is-layout-flow\" style=\"flex-basis:16.67%\">\n<figure class=\"wp-block-image size-large is-resized\"><a href=\"https:\/\/slices-fr.eu\/files\/2024\/06\/logo-coul.png\"><img loading=\"lazy\" decoding=\"async\" src=\"https:\/\/slices-fr.eu\/files\/2024\/06\/logo-coul-1024x231.png\" alt=\"\" class=\"wp-image-456\" width=\"268\" height=\"60\" srcset=\"https:\/\/slices-fr.eu\/files\/2024\/06\/logo-coul-1024x231.png 1024w, https:\/\/slices-fr.eu\/files\/2024\/06\/logo-coul-300x68.png 300w, https:\/\/slices-fr.eu\/files\/2024\/06\/logo-coul-768x173.png 768w, https:\/\/slices-fr.eu\/files\/2024\/06\/logo-coul-1536x346.png 1536w, https:\/\/slices-fr.eu\/files\/2024\/06\/logo-coul-150x34.png 150w, https:\/\/slices-fr.eu\/files\/2024\/06\/logo-coul.png 1831w\" sizes=\"auto, (max-width: 268px) 100vw, 268px\" \/><\/a><\/figure>\n<\/div>\n\n\n\n<div class=\"wp-block-column is-layout-flow wp-block-column-is-layout-flow\" style=\"flex-basis:16.67%\">\n<figure class=\"wp-block-image size-full is-resized\"><a href=\"https:\/\/slices-fr.eu\/files\/2024\/06\/NantesUniversite.png\"><img loading=\"lazy\" decoding=\"async\" src=\"https:\/\/slices-fr.eu\/files\/2024\/06\/NantesUniversite.png\" alt=\"\" class=\"wp-image-460\" width=\"277\" height=\"72\" srcset=\"https:\/\/slices-fr.eu\/files\/2024\/06\/NantesUniversite.png 313w, https:\/\/slices-fr.eu\/files\/2024\/06\/NantesUniversite-300x78.png 300w, https:\/\/slices-fr.eu\/files\/2024\/06\/NantesUniversite-150x39.png 150w\" sizes=\"auto, (max-width: 277px) 100vw, 277px\" \/><\/a><\/figure>\n<\/div>\n\n\n\n<div class=\"wp-block-column is-layout-flow wp-block-column-is-layout-flow\" style=\"flex-basis:16.67%\">\n<div class=\"wp-block-image\"><figure class=\"aligncenter size-large is-resized\"><a href=\"https:\/\/slices-fr.eu\/files\/2024\/06\/Universite_Lorraine_Logo.png\"><img loading=\"lazy\" decoding=\"async\" src=\"https:\/\/slices-fr.eu\/files\/2024\/06\/Universite_Lorraine_Logo-1024x563.png\" alt=\"\" class=\"wp-image-468\" width=\"149\" height=\"81\" srcset=\"https:\/\/slices-fr.eu\/files\/2024\/06\/Universite_Lorraine_Logo-1024x563.png 1024w, https:\/\/slices-fr.eu\/files\/2024\/06\/Universite_Lorraine_Logo-300x165.png 300w, https:\/\/slices-fr.eu\/files\/2024\/06\/Universite_Lorraine_Logo-768x422.png 768w, https:\/\/slices-fr.eu\/files\/2024\/06\/Universite_Lorraine_Logo-150x83.png 150w, https:\/\/slices-fr.eu\/files\/2024\/06\/Universite_Lorraine_Logo.png 1200w\" sizes=\"auto, (max-width: 149px) 100vw, 149px\" \/><\/a><\/figure><\/div>\n<\/div>\n\n\n\n<div class=\"wp-block-column is-layout-flow wp-block-column-is-layout-flow\" style=\"flex-basis:16.67%\">\n<figure class=\"wp-block-image size-full is-resized\"><a href=\"https:\/\/slices-fr.eu\/files\/2024\/06\/Logotype_Universite_de_Lille_2022.svg_.png\"><img loading=\"lazy\" decoding=\"async\" src=\"https:\/\/slices-fr.eu\/files\/2024\/06\/Logotype_Universite_de_Lille_2022.svg_.png\" alt=\"\" class=\"wp-image-465\" width=\"255\" height=\"67\" srcset=\"https:\/\/slices-fr.eu\/files\/2024\/06\/Logotype_Universite_de_Lille_2022.svg_.png 1024w, https:\/\/slices-fr.eu\/files\/2024\/06\/Logotype_Universite_de_Lille_2022.svg_-300x80.png 300w, https:\/\/slices-fr.eu\/files\/2024\/06\/Logotype_Universite_de_Lille_2022.svg_-768x204.png 768w, https:\/\/slices-fr.eu\/files\/2024\/06\/Logotype_Universite_de_Lille_2022.svg_-150x40.png 150w\" sizes=\"auto, (max-width: 255px) 100vw, 255px\" \/><\/a><\/figure>\n<\/div>\n<\/div>\n\n\n\n<div class=\"wp-block-columns is-layout-flex wp-container-core-columns-is-layout-9d6595d7 wp-block-columns-is-layout-flex\">\n<div class=\"wp-block-column is-layout-flow wp-block-column-is-layout-flow\" style=\"flex-basis:30%\">\n<div class=\"wp-block-image\"><figure class=\"aligncenter size-large is-resized\"><a href=\"https:\/\/slices-fr.eu\/files\/2024\/06\/cropped-capture-decran-2023-01-10-a-17.25.45.png\"><img loading=\"lazy\" decoding=\"async\" src=\"https:\/\/slices-fr.eu\/files\/2024\/06\/cropped-capture-decran-2023-01-10-a-17.25.45-1024x219.png\" alt=\"\" class=\"wp-image-461\" width=\"342\" height=\"73\" srcset=\"https:\/\/slices-fr.eu\/files\/2024\/06\/cropped-capture-decran-2023-01-10-a-17.25.45-1024x219.png 1024w, https:\/\/slices-fr.eu\/files\/2024\/06\/cropped-capture-decran-2023-01-10-a-17.25.45-300x64.png 300w, https:\/\/slices-fr.eu\/files\/2024\/06\/cropped-capture-decran-2023-01-10-a-17.25.45-768x164.png 768w, https:\/\/slices-fr.eu\/files\/2024\/06\/cropped-capture-decran-2023-01-10-a-17.25.45-150x32.png 150w, https:\/\/slices-fr.eu\/files\/2024\/06\/cropped-capture-decran-2023-01-10-a-17.25.45.png 1156w\" sizes=\"auto, (max-width: 342px) 100vw, 342px\" \/><\/a><\/figure><\/div>\n<\/div>\n\n\n\n<div class=\"wp-block-column is-layout-flow wp-block-column-is-layout-flow\" style=\"flex-basis:80px\">\n<figure class=\"wp-block-image size-full is-resized\"><a href=\"https:\/\/slices-fr.eu\/files\/2024\/06\/cea-2.jpg\"><img loading=\"lazy\" decoding=\"async\" src=\"https:\/\/slices-fr.eu\/files\/2024\/06\/cea-2.jpg\" alt=\"\" class=\"wp-image-452\" width=\"117\" height=\"117\" srcset=\"https:\/\/slices-fr.eu\/files\/2024\/06\/cea-2.jpg 512w, https:\/\/slices-fr.eu\/files\/2024\/06\/cea-2-300x300.jpg 300w, https:\/\/slices-fr.eu\/files\/2024\/06\/cea-2-150x150.jpg 150w\" sizes=\"auto, (max-width: 117px) 100vw, 117px\" \/><\/a><\/figure>\n<\/div>\n\n\n\n<div class=\"wp-block-column is-layout-flow wp-block-column-is-layout-flow\" style=\"flex-basis:25%\">\n<div class=\"wp-block-image\"><figure class=\"aligncenter size-full is-resized\"><a href=\"https:\/\/slices-fr.eu\/files\/2024\/06\/UNIRENNES_LOGOnoir.png\"><img loading=\"lazy\" decoding=\"async\" src=\"https:\/\/slices-fr.eu\/files\/2024\/06\/UNIRENNES_LOGOnoir.png\" alt=\"\" class=\"wp-image-469\" width=\"218\" height=\"66\" srcset=\"https:\/\/slices-fr.eu\/files\/2024\/06\/UNIRENNES_LOGOnoir.png 450w, https:\/\/slices-fr.eu\/files\/2024\/06\/UNIRENNES_LOGOnoir-300x91.png 300w, https:\/\/slices-fr.eu\/files\/2024\/06\/UNIRENNES_LOGOnoir-150x46.png 150w\" sizes=\"auto, (max-width: 218px) 100vw, 218px\" \/><\/a><\/figure><\/div>\n<\/div>\n\n\n\n<div class=\"wp-block-column is-layout-flow wp-block-column-is-layout-flow\" style=\"flex-basis:100px\">\n<figure class=\"wp-block-image size-full is-resized\"><a href=\"https:\/\/slices-fr.eu\/files\/2024\/06\/uga.png\"><img decoding=\"async\" src=\"https:\/\/slices-fr.eu\/files\/2024\/06\/uga-edited-1.png\" alt=\"\" class=\"wp-image-467\" width=\"193\" srcset=\"https:\/\/slices-fr.eu\/files\/2024\/06\/uga-edited-1.png 224w, https:\/\/slices-fr.eu\/files\/2024\/06\/uga-edited-1-150x100.png 150w\" sizes=\"(max-width: 224px) 100vw, 224px\" \/><\/a><\/figure>\n<\/div>\n<\/div>","protected":false},"excerpt":{"rendered":"<p>SLICES-FR is governed by a GIS&nbsp;(Scientific Interest Group) which today brings together the majority of French academic players in the world of networks and distributed systems: CEA&nbsp; CNRS Inria&nbsp; Institut Mines T\u00e9l\u00e9com Universit\u00e9 Grenoble Alpes Universit\u00e9 de Lille Universit\u00e9 de Lorraine Universit\u00e9 de Rennes&nbsp; INSA Lyon EURECOM Nantes Universit\u00e9 RENATER\u2026<\/p>\n<p> <a class=\"continue-reading-link\" href=\"https:\/\/slices-fr.eu\/en\/partenaires\/\"><span>Continue reading<\/span><i class=\"crycon-right-dir\"><\/i><\/a> <\/p>\n","protected":false},"author":2404,"featured_media":0,"parent":0,"menu_order":0,"comment_status":"closed","ping_status":"closed","template":"","meta":{"footnotes":""},"class_list":["post-72","page","type-page","status-publish","hentry"],"_links":{"self":[{"href":"https:\/\/slices-fr.eu\/en\/wp-json\/wp\/v2\/pages\/72","targetHints":{"allow":["GET"]}}],"collection":[{"href":"https:\/\/slices-fr.eu\/en\/wp-json\/wp\/v2\/pages"}],"about":[{"href":"https:\/\/slices-fr.eu\/en\/wp-json\/wp\/v2\/types\/page"}],"author":[{"embeddable":true,"href":"https:\/\/slices-fr.eu\/en\/wp-json\/wp\/v2\/users\/2404"}],"replies":[{"embeddable":true,"href":"https:\/\/slices-fr.eu\/en\/wp-json\/wp\/v2\/comments?post=72"}],"version-history":[{"count":42,"href":"https:\/\/slices-fr.eu\/en\/wp-json\/wp\/v2\/pages\/72\/revisions"}],"predecessor-version":[{"id":1130,"href":"https:\/\/slices-fr.eu\/en\/wp-json\/wp\/v2\/pages\/72\/revisions\/1130"}],"wp:attachment":[{"href":"https:\/\/slices-fr.eu\/en\/wp-json\/wp\/v2\/media?parent=72"}],"curies":[{"name":"wp","href":"https:\/\/api.w.org\/{rel}","templated":true}]}}