

{"id":934,"date":"2025-02-10T12:45:18","date_gmt":"2025-02-10T11:45:18","guid":{"rendered":"https:\/\/slices-fr.eu\/?page_id=934"},"modified":"2025-02-10T12:45:18","modified_gmt":"2025-02-10T11:45:18","slug":"english-previous-jobs-offers-deprecated","status":"publish","type":"page","link":"https:\/\/slices-fr.eu\/en\/english-previous-jobs-offers-deprecated\/","title":{"rendered":"Previous Jobs offers (deprecated)"},"content":{"rendered":"<ul class=\"wp-block-latest-posts__list wp-block-latest-posts\"><li><a class=\"wp-block-latest-posts__post-title\" href=\"https:\/\/slices-fr.eu\/en\/inria-ingenieur-developpeur-systeme-et-reseaux-slices-fr-h-f\/\">(Fran\u00e7ais) Inria, Ing\u00e9nieur D\u00e9veloppeur Syst\u00e8me et R\u00e9seaux SLICES-FR (H\/F)<\/a><\/li>\n<li><a class=\"wp-block-latest-posts__post-title\" href=\"https:\/\/slices-fr.eu\/en\/imt-nantes-ingenieure-ou-ingenieur-de-recherche-et-developpement-en-reseaux-pour-linfrastructure-slices-fr-cdd-18-mois\/\">(Fran\u00e7ais) IMT, Nantes, Ing\u00e9nieure ou Ing\u00e9nieur de recherche et d\u00e9veloppement en r\u00e9seaux pour l&#8217;infrastructure SLICES-Fr &#8211; CDD 18 mois<\/a><\/li>\n<li><a class=\"wp-block-latest-posts__post-title\" href=\"https:\/\/slices-fr.eu\/en\/irit-toulouse-ingenieur-de-recherche-h-f-developpement-logiciel-administration-systeme\/\">(Fran\u00e7ais) IRIT, Toulouse, Ing\u00e9nieur de recherche H\/F &#8211; D\u00e9veloppement logiciel \/ administration syst\u00e8me<\/a><\/li>\n<li><a class=\"wp-block-latest-posts__post-title\" href=\"https:\/\/slices-fr.eu\/en\/inria-chargee-de-projet-slices-fr\/\">(Fran\u00e7ais) Inria, Charg\u00e9(e) de projet SLICES-FR<\/a><\/li>\n<li><a class=\"wp-block-latest-posts__post-title\" href=\"https:\/\/slices-fr.eu\/en\/universite-de-strasbourg-chef-fe-de-projet-expert-e-en-infrastructures-cdd-de-projet-anr-perenne\/\">(Fran\u00e7ais) Universit\u00e9 de Strasbourg, Chef-fe de projet\/Expert-e en infrastructures &#8211; CDD de projet ANR PERENNE<\/a><\/li>\n<\/ul>","protected":false},"excerpt":{"rendered":"<p> <a class=\"continue-reading-link\" href=\"https:\/\/slices-fr.eu\/en\/english-previous-jobs-offers-deprecated\/\"><span>Continue reading<\/span><i class=\"crycon-right-dir\"><\/i><\/a> <\/p>\n","protected":false},"author":2405,"featured_media":0,"parent":0,"menu_order":0,"comment_status":"closed","ping_status":"closed","template":"","meta":{"footnotes":""},"class_list":["post-934","page","type-page","status-publish","hentry"],"_links":{"self":[{"href":"https:\/\/slices-fr.eu\/en\/wp-json\/wp\/v2\/pages\/934","targetHints":{"allow":["GET"]}}],"collection":[{"href":"https:\/\/slices-fr.eu\/en\/wp-json\/wp\/v2\/pages"}],"about":[{"href":"https:\/\/slices-fr.eu\/en\/wp-json\/wp\/v2\/types\/page"}],"author":[{"embeddable":true,"href":"https:\/\/slices-fr.eu\/en\/wp-json\/wp\/v2\/users\/2405"}],"replies":[{"embeddable":true,"href":"https:\/\/slices-fr.eu\/en\/wp-json\/wp\/v2\/comments?post=934"}],"version-history":[{"count":1,"href":"https:\/\/slices-fr.eu\/en\/wp-json\/wp\/v2\/pages\/934\/revisions"}],"predecessor-version":[{"id":935,"href":"https:\/\/slices-fr.eu\/en\/wp-json\/wp\/v2\/pages\/934\/revisions\/935"}],"wp:attachment":[{"href":"https:\/\/slices-fr.eu\/en\/wp-json\/wp\/v2\/media?parent=934"}],"curies":[{"name":"wp","href":"https:\/\/api.w.org\/{rel}","templated":true}]}}